{"id":3931,"date":"2020-07-20T08:41:36","date_gmt":"2020-07-20T05:41:36","guid":{"rendered":"https:\/\/mirtego.lv\/testi\/"},"modified":"2022-05-19T04:22:49","modified_gmt":"2022-05-19T01:22:49","slug":"tests","status":"publish","type":"page","link":"https:\/\/mirtego.lv\/en\/tests\/","title":{"rendered":"TESTS"},"content":{"rendered":"<p>[vc_row][vc_column width=&#8221;1\/3&#8243; el_class=&#8221;testu-pogas&#8221;]<a itemprop=\"url\" href=\"https:\/\/mirtego.lv\/my\/online-tests\/anglu-valodas-online-tests-jauns\/\" target=\"_self\" style=\"background-color: #7fba27;border-color: #7fba27\" class=\"eltdf-btn eltdf-btn-medium eltdf-btn-solid eltdf-btn-default eltdf-btn-custom-hover-bg eltdf-btn-custom-border-hover \" data-hover-bg-color=\"#ee7601\" data-hover-border-color=\"#ee7601\" >\n    <span class=\"eltdf-btn-text\">English test<\/span>\n        <\/a>[vc_empty_space height=&#8221;10px&#8221;]<a itemprop=\"url\" href=\"https:\/\/mirtego.lv\/my\/online-tests\/anglu-valodas-gramatikas-tests\/\" target=\"_self\" style=\"background-color: #7fba27;border-color: #7fba27\" class=\"eltdf-btn eltdf-btn-medium eltdf-btn-solid eltdf-btn-default eltdf-btn-custom-hover-bg eltdf-btn-custom-border-hover \" data-hover-bg-color=\"#ee7601\" data-hover-border-color=\"#ee7601\" >\n    <span class=\"eltdf-btn-text\">English grammar test<\/span>\n        <\/a>[vc_empty_space height=&#8221;10px&#8221;][\/vc_column][vc_column width=&#8221;1\/3&#8243; el_class=&#8221;testu-pogas&#8221;]<a itemprop=\"url\" href=\"https:\/\/mirtego.lv\/my\/online-tests\/vacu-valodas-online-tests\/\" target=\"_self\" style=\"background-color: #7fba27;border-color: #7fba27\" class=\"eltdf-btn eltdf-btn-medium eltdf-btn-solid eltdf-btn-default eltdf-btn-custom-hover-bg eltdf-btn-custom-border-hover \" data-hover-bg-color=\"#ee7601\" data-hover-border-color=\"#ee7601\" >\n    <span class=\"eltdf-btn-text\">German test<\/span>\n        <\/a>[vc_empty_space height=&#8221;10px&#8221;]<a itemprop=\"url\" href=\"https:\/\/mirtego.lv\/my\/online-tests\/francu-valodas-online-tests\/\" target=\"_self\" style=\"background-color: #7fba27;border-color: #7fba27\" class=\"eltdf-btn eltdf-btn-medium eltdf-btn-solid eltdf-btn-default eltdf-btn-custom-hover-bg eltdf-btn-custom-border-hover \" data-hover-bg-color=\"#ee7601\" data-hover-border-color=\"#ee7601\" >\n    <span class=\"eltdf-btn-text\">French test<\/span>\n        <\/a>[vc_empty_space height=&#8221;10px&#8221;][\/vc_column][vc_column width=&#8221;1\/3&#8243; el_class=&#8221;testu-pogas&#8221;]<a itemprop=\"url\" href=\"https:\/\/mirtego.lv\/my\/online-tests\/latviesu-valodas-online-tests\/\" target=\"_self\" style=\"background-color: #7fba27;border-color: #7fba27\" class=\"eltdf-btn eltdf-btn-medium eltdf-btn-solid eltdf-btn-default eltdf-btn-custom-hover-bg eltdf-btn-custom-border-hover \" data-hover-bg-color=\"#ee7601\" data-hover-border-color=\"#ee7601\" >\n    <span class=\"eltdf-btn-text\">Latvian test<\/span>\n        <\/a>[vc_empty_space height=&#8221;10px&#8221;]<a itemprop=\"url\" href=\"https:\/\/mirtego.lv\/my\/online-tests\/krievu-valodas-online-tests\/\" target=\"_self\" style=\"background-color: #7fba27;border-color: #7fba27\" class=\"eltdf-btn eltdf-btn-medium eltdf-btn-solid eltdf-btn-default eltdf-btn-custom-hover-bg eltdf-btn-custom-border-hover \" data-hover-bg-color=\"#ee7601\" data-hover-border-color=\"#ee7601\" >\n    <span class=\"eltdf-btn-text\">Russian test<\/span>\n        <\/a>[vc_empty_space height=&#8221;50px&#8221;][\/vc_column][\/vc_row][vc_row][vc_column][vc_separator style=&#8221;shadow&#8221; border_width=&#8221;8&#8243;][vc_empty_space height=&#8221;50px&#8221;]<div class=\"eltdf-section-title-holder  eltdf-st-has-watermark\" style=\"padding: 0 100;text-align: center\">\n\t<div class=\"eltdf-st-inner\">\n\t\t\t\t\t<span class=\"eltdf-st-watermark\" >\n\t\t\t\tlevel\t\t\t<\/span>\n\t\t\t\t\t\t\t\t\t<h2 class=\"eltdf-st-title\" >\n\t\t\t\tSve\u0161valodu l\u012bme\u0146u skaidrojums\t\t\t<\/h2>\n\t\t\t\t\t\t\t<span class=\"eltdf-st-text\" >\n\t\t\t\t\u0160aj\u0101 tabul\u0101 J\u016bs varat detaliz\u0113ti iepaz\u012bties ar sve\u0161valodu l\u012bme\u0146u skaidrojumu. Aprakst\u012btas ir 4 sve\u0161valodu prasmes \u2013 run\u0101\u0161ana, las\u012b\u0161ana, rakst\u012b\u0161ana un klaus\u012b\u0161an\u0101s.\t\t\t<\/span>\n\t\t\t<\/div>\n<\/div>[vc_empty_space height=&#8221;50px&#8221;][vc_column_text][table id=2 \/][\/vc_column_text][vc_empty_space height=&#8221;80px&#8221;][vc_separator style=&#8221;shadow&#8221; border_width=&#8221;8&#8243;][vc_empty_space height=&#8221;50px&#8221;][\/vc_column][\/vc_row][vc_row][vc_column width=&#8221;1\/2&#8243;][vc_single_image image=&#8221;2404&#8243; img_size=&#8221;full&#8221;][\/vc_column][vc_column width=&#8221;1\/2&#8243;][vc_column_text]A1, A2, B1, B2, C1 un C2 valodu l\u012bme\u0146i skaidrojums saska\u0146\u0101 ar Eiropas Vienot\u0101 Valodu prasmju l\u012bme\u0146u noteik\u0161anas sist\u0113mu (CEFR \u2013 The Common European Framework of Reference for Languages: Learning, Teaching, assessment)[\/vc_column_text][\/vc_column][\/vc_row][vc_row][vc_column][vc_empty_space height=&#8221;50px&#8221;][\/vc_column][\/vc_row]<\/p>\n","protected":false},"excerpt":{"rendered":"<p>[vc_row][vc_column width=&#8221;1\/3&#8243; el_class=&#8221;testu-pogas&#8221;][vc_empty_space height=&#8221;10px&#8221;][vc_empty_space height=&#8221;10px&#8221;][\/vc_column][vc_column width=&#8221;1\/3&#8243; el_class=&#8221;testu-pogas&#8221;][vc_empty_space height=&#8221;10px&#8221;][vc_empty_space height=&#8221;10px&#8221;][\/vc_column][vc_column width=&#8221;1\/3&#8243; el_class=&#8221;testu-pogas&#8221;][vc_empty_space height=&#8221;10px&#8221;][vc_empty_space height=&#8221;50px&#8221;][\/vc_column][\/vc_row][vc_row][vc_column][vc_separator style=&#8221;shadow&#8221; border_width=&#8221;8&#8243;][vc_empty_space height=&#8221;50px&#8221;][vc_empty_space height=&#8221;50px&#8221;][vc_column_text][table id=2 \/][\/vc_column_text][vc_empty_space height=&#8221;80px&#8221;][vc_separator style=&#8221;shadow&#8221; border_width=&#8221;8&#8243;][vc_empty_space height=&#8221;50px&#8221;][\/vc_column][\/vc_row][vc_row][vc_column width=&#8221;1\/2&#8243;][vc_single_image image=&#8221;2404&#8243; img_size=&#8221;full&#8221;][\/vc_column][vc_column width=&#8221;1\/2&#8243;][vc_column_text]A1, A2, B1, B2, C1 un C2 valodu l\u012bme\u0146i skaidrojums saska\u0146\u0101 ar Eiropas Vienot\u0101 [&hellip;]<\/p>\n","protected":false},"author":1,"featured_media":0,"parent":0,"menu_order":0,"comment_status":"closed","ping_status":"closed","template":"","meta":{"_acf_changed":false,"footnotes":""},"class_list":["post-3931","page","type-page","status-publish","hentry"],"acf":[],"yoast_head":"<!-- This site is optimized with the Yoast SEO plugin v26.7 - https:\/\/yoast.com\/wordpress\/plugins\/seo\/ -->\n<title>TESTS - mirtego.lv<\/title>\n<meta name=\"robots\" content=\"index, follow, max-snippet:-1, max-image-preview:large, max-video-preview:-1\" \/>\n<link rel=\"canonical\" href=\"https:\/\/mirtego.lv\/en\/tests\/\" \/>\n<meta property=\"og:locale\" content=\"en_US\" \/>\n<meta property=\"og:type\" content=\"article\" \/>\n<meta property=\"og:title\" content=\"TESTS - mirtego.lv\" \/>\n<meta property=\"og:description\" content=\"[vc_row][vc_column width=&#8221;1\/3&#8243; el_class=&#8221;testu-pogas&#8221;][vc_empty_space height=&#8221;10px&#8221;][vc_empty_space height=&#8221;10px&#8221;][\/vc_column][vc_column width=&#8221;1\/3&#8243; el_class=&#8221;testu-pogas&#8221;][vc_empty_space height=&#8221;10px&#8221;][vc_empty_space height=&#8221;10px&#8221;][\/vc_column][vc_column width=&#8221;1\/3&#8243; el_class=&#8221;testu-pogas&#8221;][vc_empty_space height=&#8221;10px&#8221;][vc_empty_space height=&#8221;50px&#8221;][\/vc_column][\/vc_row][vc_row][vc_column][vc_separator style=&#8221;shadow&#8221; border_width=&#8221;8&#8243;][vc_empty_space height=&#8221;50px&#8221;][vc_empty_space height=&#8221;50px&#8221;][vc_column_text][table id=2 \/][\/vc_column_text][vc_empty_space height=&#8221;80px&#8221;][vc_separator style=&#8221;shadow&#8221; border_width=&#8221;8&#8243;][vc_empty_space height=&#8221;50px&#8221;][\/vc_column][\/vc_row][vc_row][vc_column width=&#8221;1\/2&#8243;][vc_single_image image=&#8221;2404&#8243; img_size=&#8221;full&#8221;][\/vc_column][vc_column width=&#8221;1\/2&#8243;][vc_column_text]A1, A2, B1, B2, C1 un C2 valodu l\u012bme\u0146i skaidrojums saska\u0146\u0101 ar Eiropas Vienot\u0101 [&hellip;]\" \/>\n<meta property=\"og:url\" content=\"https:\/\/mirtego.lv\/en\/tests\/\" \/>\n<meta property=\"og:site_name\" content=\"mirtego.lv\" \/>\n<meta property=\"article:modified_time\" content=\"2022-05-19T01:22:49+00:00\" \/>\n<meta property=\"og:image\" content=\"https:\/\/mirtego.lv\/wp-content\/uploads\/2021\/02\/mirtego-macies-gudri.jpg\" \/>\n\t<meta property=\"og:image:width\" content=\"854\" \/>\n\t<meta property=\"og:image:height\" content=\"653\" \/>\n\t<meta property=\"og:image:type\" content=\"image\/jpeg\" \/>\n<meta name=\"twitter:card\" content=\"summary_large_image\" \/>\n<meta name=\"twitter:label1\" content=\"Est. reading time\" \/>\n\t<meta name=\"twitter:data1\" content=\"1 minute\" \/>\n<script type=\"application\/ld+json\" class=\"yoast-schema-graph\">{\"@context\":\"https:\/\/schema.org\",\"@graph\":[{\"@type\":\"WebPage\",\"@id\":\"https:\/\/mirtego.lv\/en\/tests\/\",\"url\":\"https:\/\/mirtego.lv\/en\/tests\/\",\"name\":\"TESTS - mirtego.lv\",\"isPartOf\":{\"@id\":\"https:\/\/mirtego.lv\/en\/#website\"},\"datePublished\":\"2020-07-20T05:41:36+00:00\",\"dateModified\":\"2022-05-19T01:22:49+00:00\",\"breadcrumb\":{\"@id\":\"https:\/\/mirtego.lv\/en\/tests\/#breadcrumb\"},\"inLanguage\":\"en-US\",\"potentialAction\":[{\"@type\":\"ReadAction\",\"target\":[\"https:\/\/mirtego.lv\/en\/tests\/\"]}]},{\"@type\":\"BreadcrumbList\",\"@id\":\"https:\/\/mirtego.lv\/en\/tests\/#breadcrumb\",\"itemListElement\":[{\"@type\":\"ListItem\",\"position\":1,\"name\":\"Home\",\"item\":\"https:\/\/mirtego.lv\/en\/\"},{\"@type\":\"ListItem\",\"position\":2,\"name\":\"TESTS\"}]},{\"@type\":\"WebSite\",\"@id\":\"https:\/\/mirtego.lv\/en\/#website\",\"url\":\"https:\/\/mirtego.lv\/en\/\",\"name\":\"mirtego.lv\",\"description\":\"M\u0113s esam ONLINE valodu skola\",\"publisher\":{\"@id\":\"https:\/\/mirtego.lv\/en\/#organization\"},\"potentialAction\":[{\"@type\":\"SearchAction\",\"target\":{\"@type\":\"EntryPoint\",\"urlTemplate\":\"https:\/\/mirtego.lv\/en\/?s={search_term_string}\"},\"query-input\":{\"@type\":\"PropertyValueSpecification\",\"valueRequired\":true,\"valueName\":\"search_term_string\"}}],\"inLanguage\":\"en-US\"},{\"@type\":\"Organization\",\"@id\":\"https:\/\/mirtego.lv\/en\/#organization\",\"name\":\"SIA MIRTEGO\",\"url\":\"https:\/\/mirtego.lv\/en\/\",\"logo\":{\"@type\":\"ImageObject\",\"inLanguage\":\"en-US\",\"@id\":\"https:\/\/mirtego.lv\/en\/#\/schema\/logo\/image\/\",\"url\":\"https:\/\/mirtego.lv\/wp-content\/uploads\/2020\/07\/MIRTEGO_logo400.png\",\"contentUrl\":\"https:\/\/mirtego.lv\/wp-content\/uploads\/2020\/07\/MIRTEGO_logo400.png\",\"width\":400,\"height\":150,\"caption\":\"SIA MIRTEGO\"},\"image\":{\"@id\":\"https:\/\/mirtego.lv\/en\/#\/schema\/logo\/image\/\"}}]}<\/script>\n<!-- \/ Yoast SEO plugin. -->","yoast_head_json":{"title":"TESTS - mirtego.lv","robots":{"index":"index","follow":"follow","max-snippet":"max-snippet:-1","max-image-preview":"max-image-preview:large","max-video-preview":"max-video-preview:-1"},"canonical":"https:\/\/mirtego.lv\/en\/tests\/","og_locale":"en_US","og_type":"article","og_title":"TESTS - mirtego.lv","og_description":"[vc_row][vc_column width=&#8221;1\/3&#8243; el_class=&#8221;testu-pogas&#8221;][vc_empty_space height=&#8221;10px&#8221;][vc_empty_space height=&#8221;10px&#8221;][\/vc_column][vc_column width=&#8221;1\/3&#8243; el_class=&#8221;testu-pogas&#8221;][vc_empty_space height=&#8221;10px&#8221;][vc_empty_space height=&#8221;10px&#8221;][\/vc_column][vc_column width=&#8221;1\/3&#8243; el_class=&#8221;testu-pogas&#8221;][vc_empty_space height=&#8221;10px&#8221;][vc_empty_space height=&#8221;50px&#8221;][\/vc_column][\/vc_row][vc_row][vc_column][vc_separator style=&#8221;shadow&#8221; border_width=&#8221;8&#8243;][vc_empty_space height=&#8221;50px&#8221;][vc_empty_space height=&#8221;50px&#8221;][vc_column_text][table id=2 \/][\/vc_column_text][vc_empty_space height=&#8221;80px&#8221;][vc_separator style=&#8221;shadow&#8221; border_width=&#8221;8&#8243;][vc_empty_space height=&#8221;50px&#8221;][\/vc_column][\/vc_row][vc_row][vc_column width=&#8221;1\/2&#8243;][vc_single_image image=&#8221;2404&#8243; img_size=&#8221;full&#8221;][\/vc_column][vc_column width=&#8221;1\/2&#8243;][vc_column_text]A1, A2, B1, B2, C1 un C2 valodu l\u012bme\u0146i skaidrojums saska\u0146\u0101 ar Eiropas Vienot\u0101 [&hellip;]","og_url":"https:\/\/mirtego.lv\/en\/tests\/","og_site_name":"mirtego.lv","article_modified_time":"2022-05-19T01:22:49+00:00","og_image":[{"width":854,"height":653,"url":"https:\/\/mirtego.lv\/wp-content\/uploads\/2021\/02\/mirtego-macies-gudri.jpg","type":"image\/jpeg"}],"twitter_card":"summary_large_image","twitter_misc":{"Est. reading time":"1 minute"},"schema":{"@context":"https:\/\/schema.org","@graph":[{"@type":"WebPage","@id":"https:\/\/mirtego.lv\/en\/tests\/","url":"https:\/\/mirtego.lv\/en\/tests\/","name":"TESTS - mirtego.lv","isPartOf":{"@id":"https:\/\/mirtego.lv\/en\/#website"},"datePublished":"2020-07-20T05:41:36+00:00","dateModified":"2022-05-19T01:22:49+00:00","breadcrumb":{"@id":"https:\/\/mirtego.lv\/en\/tests\/#breadcrumb"},"inLanguage":"en-US","potentialAction":[{"@type":"ReadAction","target":["https:\/\/mirtego.lv\/en\/tests\/"]}]},{"@type":"BreadcrumbList","@id":"https:\/\/mirtego.lv\/en\/tests\/#breadcrumb","itemListElement":[{"@type":"ListItem","position":1,"name":"Home","item":"https:\/\/mirtego.lv\/en\/"},{"@type":"ListItem","position":2,"name":"TESTS"}]},{"@type":"WebSite","@id":"https:\/\/mirtego.lv\/en\/#website","url":"https:\/\/mirtego.lv\/en\/","name":"mirtego.lv","description":"M\u0113s esam ONLINE valodu skola","publisher":{"@id":"https:\/\/mirtego.lv\/en\/#organization"},"potentialAction":[{"@type":"SearchAction","target":{"@type":"EntryPoint","urlTemplate":"https:\/\/mirtego.lv\/en\/?s={search_term_string}"},"query-input":{"@type":"PropertyValueSpecification","valueRequired":true,"valueName":"search_term_string"}}],"inLanguage":"en-US"},{"@type":"Organization","@id":"https:\/\/mirtego.lv\/en\/#organization","name":"SIA MIRTEGO","url":"https:\/\/mirtego.lv\/en\/","logo":{"@type":"ImageObject","inLanguage":"en-US","@id":"https:\/\/mirtego.lv\/en\/#\/schema\/logo\/image\/","url":"https:\/\/mirtego.lv\/wp-content\/uploads\/2020\/07\/MIRTEGO_logo400.png","contentUrl":"https:\/\/mirtego.lv\/wp-content\/uploads\/2020\/07\/MIRTEGO_logo400.png","width":400,"height":150,"caption":"SIA MIRTEGO"},"image":{"@id":"https:\/\/mirtego.lv\/en\/#\/schema\/logo\/image\/"}}]}},"_links":{"self":[{"href":"https:\/\/mirtego.lv\/en\/wp-json\/wp\/v2\/pages\/3931","targetHints":{"allow":["GET"]}}],"collection":[{"href":"https:\/\/mirtego.lv\/en\/wp-json\/wp\/v2\/pages"}],"about":[{"href":"https:\/\/mirtego.lv\/en\/wp-json\/wp\/v2\/types\/page"}],"author":[{"embeddable":true,"href":"https:\/\/mirtego.lv\/en\/wp-json\/wp\/v2\/users\/1"}],"replies":[{"embeddable":true,"href":"https:\/\/mirtego.lv\/en\/wp-json\/wp\/v2\/comments?post=3931"}],"version-history":[{"count":5,"href":"https:\/\/mirtego.lv\/en\/wp-json\/wp\/v2\/pages\/3931\/revisions"}],"predecessor-version":[{"id":6485,"href":"https:\/\/mirtego.lv\/en\/wp-json\/wp\/v2\/pages\/3931\/revisions\/6485"}],"wp:attachment":[{"href":"https:\/\/mirtego.lv\/en\/wp-json\/wp\/v2\/media?parent=3931"}],"curies":[{"name":"wp","href":"https:\/\/api.w.org\/{rel}","templated":true}]}}