{"id":5645,"date":"2023-07-26T11:00:54","date_gmt":"2021-08-03T08:21:54","guid":{"rendered":"https:\/\/mirtego.lv\/?post_type=product&#038;p=5645"},"modified":"2024-12-09T16:36:04","modified_gmt":"2024-12-09T14:36:04","slug":"anglu-valoda-b1-lower-intermediate","status":"publish","type":"product","link":"https:\/\/mirtego.lv\/en\/product\/anglu-valoda-b1-lower-intermediate\/","title":{"rendered":"ANG\u013bU VALODA Lower intermediate"},"content":{"rendered":"<div class=\"wpb_text_column wpb_content_element \">\n<div class=\"wpb_wrapper\">\n<div class=\"wpb_text_column wpb_content_element \">\n<div class=\"wpb_wrapper\">\n<p>&nbsp;<\/p>\n<a itemprop=\"url\" href=\"#\" target=\"_self\" style=\"font-weight: 400\" class=\"eltdf-btn eltdf-btn-large eltdf-btn-solid eltdf-btn-default \"  >\n    <span class=\"eltdf-btn-text\">PIESAKIES<\/span>\n    <i class=\"eltdf-icon-font-awesome fa  \" ><\/i>    <\/a>\n<\/div>\n<\/div>\n<div class=\"wpb_text_column wpb_content_element \">\n<div class=\"wpb_wrapper\">\n<h5>These English lessons take place in a small group of students online in the zoom platform. Students in the group have an equivalent level of English.<\/h5>\n<\/div>\n<\/div>\n<ul>\n<li>Course duration:<strong> 1 months or 100 academic hours<\/strong><\/li>\n<li>Classes are held: <strong>Every working day<\/strong><\/li>\n<li>Duration of one lesson \u2013 <strong>160 min.<\/strong> (4*40 min.)<\/li>\n<li>Price: <strong>390 EUR<\/strong><\/li>\n<li>Days of classes: <strong>Every working day<\/strong><\/li>\n<\/ul>\n<\/div>\n<\/div>\n","protected":false},"excerpt":{"rendered":"<ul>\n<li><strong>07.01.25 &#8211; 10.02.25<\/strong><\/li>\n<li>Time: <strong>09:00-11:50<\/strong><\/li>\n<li>Level: <strong>B1 Lower intermediate<\/strong><\/li>\n<li>Lesson days: <strong>Every working day<\/strong><\/li>\n<li>Course duration: <strong>100\u00a0ac.h.<\/strong><\/li>\n<li>Number of people in the group: <strong>8-12<\/strong><\/li>\n<li>Price: <strong>390 EUR<\/strong><\/li>\n<\/ul>\n","protected":false},"featured_media":5591,"template":"","meta":{"_acf_changed":false},"product_brand":[],"product_cat":[299],"product_tag":[],"class_list":{"0":"post-5645","1":"product","2":"type-product","3":"status-publish","4":"has-post-thumbnail","6":"product_cat-english-en","8":"first","9":"instock","10":"virtual","11":"sold-individually","12":"purchasable","13":"product-type-simple"},"acf":[],"yoast_head":"<!-- This site is optimized with the Yoast SEO plugin v26.7 - https:\/\/yoast.com\/wordpress\/plugins\/seo\/ -->\n<title>ANG\u013bU VALODA Lower intermediate - mirtego.lv<\/title>\n<meta name=\"description\" content=\"Ang\u013cu valodas nodarb\u012bbas notiek neliel\u0101s grup\u0101s ZOOM platform\u0101. Nodarb\u012bbas vada profesion\u0101li un pieredzes bag\u0101ti pasniedz\u0113ji. Valodu apm\u0101c\u012bba ir m\u016bsu sirdslieta!\" \/>\n<meta name=\"robots\" content=\"noindex, follow\" \/>\n<meta property=\"og:locale\" content=\"en_US\" \/>\n<meta property=\"og:type\" content=\"article\" \/>\n<meta property=\"og:title\" content=\"ANG\u013bU VALODA Lower intermediate - mirtego.lv\" \/>\n<meta property=\"og:description\" content=\"Ang\u013cu valodas nodarb\u012bbas notiek neliel\u0101s grup\u0101s ZOOM platform\u0101. Nodarb\u012bbas vada profesion\u0101li un pieredzes bag\u0101ti pasniedz\u0113ji. Valodu apm\u0101c\u012bba ir m\u016bsu sirdslieta!\" \/>\n<meta property=\"og:url\" content=\"https:\/\/mirtego.lv\/en\/product\/anglu-valoda-b1-lower-intermediate\/\" \/>\n<meta property=\"og:site_name\" content=\"mirtego.lv\" \/>\n<meta property=\"article:modified_time\" content=\"2024-12-09T14:36:04+00:00\" \/>\n<meta property=\"og:image\" content=\"https:\/\/mirtego.lv\/wp-content\/uploads\/2021\/07\/ruda_meitene_grupa.jpg\" \/>\n\t<meta property=\"og:image:width\" content=\"960\" \/>\n\t<meta property=\"og:image:height\" content=\"1239\" \/>\n\t<meta property=\"og:image:type\" content=\"image\/jpeg\" \/>\n<meta name=\"twitter:card\" content=\"summary_large_image\" \/>\n<meta name=\"twitter:label1\" content=\"Est. reading time\" \/>\n\t<meta name=\"twitter:data1\" content=\"1 minute\" \/>\n<script type=\"application\/ld+json\" class=\"yoast-schema-graph\">{\"@context\":\"https:\/\/schema.org\",\"@graph\":[{\"@type\":\"WebPage\",\"@id\":\"https:\/\/mirtego.lv\/en\/product\/anglu-valoda-b1-lower-intermediate\/\",\"url\":\"https:\/\/mirtego.lv\/en\/product\/anglu-valoda-b1-lower-intermediate\/\",\"name\":\"ANG\u013bU VALODA Lower intermediate - mirtego.lv\",\"isPartOf\":{\"@id\":\"https:\/\/mirtego.lv\/en\/#website\"},\"primaryImageOfPage\":{\"@id\":\"https:\/\/mirtego.lv\/en\/product\/anglu-valoda-b1-lower-intermediate\/#primaryimage\"},\"image\":{\"@id\":\"https:\/\/mirtego.lv\/en\/product\/anglu-valoda-b1-lower-intermediate\/#primaryimage\"},\"thumbnailUrl\":\"https:\/\/mirtego.lv\/wp-content\/uploads\/2021\/07\/ruda_meitene_grupa.jpg\",\"datePublished\":\"2021-08-03T08:21:54+00:00\",\"dateModified\":\"2024-12-09T14:36:04+00:00\",\"description\":\"Ang\u013cu valodas nodarb\u012bbas notiek neliel\u0101s grup\u0101s ZOOM platform\u0101. Nodarb\u012bbas vada profesion\u0101li un pieredzes bag\u0101ti pasniedz\u0113ji. Valodu apm\u0101c\u012bba ir m\u016bsu sirdslieta!\",\"breadcrumb\":{\"@id\":\"https:\/\/mirtego.lv\/en\/product\/anglu-valoda-b1-lower-intermediate\/#breadcrumb\"},\"inLanguage\":\"en-US\",\"potentialAction\":[{\"@type\":\"ReadAction\",\"target\":[\"https:\/\/mirtego.lv\/en\/product\/anglu-valoda-b1-lower-intermediate\/\"]}]},{\"@type\":\"ImageObject\",\"inLanguage\":\"en-US\",\"@id\":\"https:\/\/mirtego.lv\/en\/product\/anglu-valoda-b1-lower-intermediate\/#primaryimage\",\"url\":\"https:\/\/mirtego.lv\/wp-content\/uploads\/2021\/07\/ruda_meitene_grupa.jpg\",\"contentUrl\":\"https:\/\/mirtego.lv\/wp-content\/uploads\/2021\/07\/ruda_meitene_grupa.jpg\",\"width\":960,\"height\":1239},{\"@type\":\"BreadcrumbList\",\"@id\":\"https:\/\/mirtego.lv\/en\/product\/anglu-valoda-b1-lower-intermediate\/#breadcrumb\",\"itemListElement\":[{\"@type\":\"ListItem\",\"position\":1,\"name\":\"Home\",\"item\":\"https:\/\/mirtego.lv\/en\/\"},{\"@type\":\"ListItem\",\"position\":2,\"name\":\"Shop\",\"item\":\"https:\/\/mirtego.lv\/shop\/\"},{\"@type\":\"ListItem\",\"position\":3,\"name\":\"ANG\u013bU VALODA Lower intermediate\"}]},{\"@type\":\"WebSite\",\"@id\":\"https:\/\/mirtego.lv\/en\/#website\",\"url\":\"https:\/\/mirtego.lv\/en\/\",\"name\":\"mirtego.lv\",\"description\":\"M\u0113s esam ONLINE valodu skola\",\"publisher\":{\"@id\":\"https:\/\/mirtego.lv\/en\/#organization\"},\"potentialAction\":[{\"@type\":\"SearchAction\",\"target\":{\"@type\":\"EntryPoint\",\"urlTemplate\":\"https:\/\/mirtego.lv\/en\/?s={search_term_string}\"},\"query-input\":{\"@type\":\"PropertyValueSpecification\",\"valueRequired\":true,\"valueName\":\"search_term_string\"}}],\"inLanguage\":\"en-US\"},{\"@type\":\"Organization\",\"@id\":\"https:\/\/mirtego.lv\/en\/#organization\",\"name\":\"SIA MIRTEGO\",\"url\":\"https:\/\/mirtego.lv\/en\/\",\"logo\":{\"@type\":\"ImageObject\",\"inLanguage\":\"en-US\",\"@id\":\"https:\/\/mirtego.lv\/en\/#\/schema\/logo\/image\/\",\"url\":\"https:\/\/mirtego.lv\/wp-content\/uploads\/2020\/07\/MIRTEGO_logo400.png\",\"contentUrl\":\"https:\/\/mirtego.lv\/wp-content\/uploads\/2020\/07\/MIRTEGO_logo400.png\",\"width\":400,\"height\":150,\"caption\":\"SIA MIRTEGO\"},\"image\":{\"@id\":\"https:\/\/mirtego.lv\/en\/#\/schema\/logo\/image\/\"}}]}<\/script>\n<!-- \/ Yoast SEO plugin. -->","yoast_head_json":{"title":"ANG\u013bU VALODA Lower intermediate - mirtego.lv","description":"Ang\u013cu valodas nodarb\u012bbas notiek neliel\u0101s grup\u0101s ZOOM platform\u0101. Nodarb\u012bbas vada profesion\u0101li un pieredzes bag\u0101ti pasniedz\u0113ji. Valodu apm\u0101c\u012bba ir m\u016bsu sirdslieta!","robots":{"index":"noindex","follow":"follow"},"og_locale":"en_US","og_type":"article","og_title":"ANG\u013bU VALODA Lower intermediate - mirtego.lv","og_description":"Ang\u013cu valodas nodarb\u012bbas notiek neliel\u0101s grup\u0101s ZOOM platform\u0101. Nodarb\u012bbas vada profesion\u0101li un pieredzes bag\u0101ti pasniedz\u0113ji. Valodu apm\u0101c\u012bba ir m\u016bsu sirdslieta!","og_url":"https:\/\/mirtego.lv\/en\/product\/anglu-valoda-b1-lower-intermediate\/","og_site_name":"mirtego.lv","article_modified_time":"2024-12-09T14:36:04+00:00","og_image":[{"width":960,"height":1239,"url":"https:\/\/mirtego.lv\/wp-content\/uploads\/2021\/07\/ruda_meitene_grupa.jpg","type":"image\/jpeg"}],"twitter_card":"summary_large_image","twitter_misc":{"Est. reading time":"1 minute"},"schema":{"@context":"https:\/\/schema.org","@graph":[{"@type":"WebPage","@id":"https:\/\/mirtego.lv\/en\/product\/anglu-valoda-b1-lower-intermediate\/","url":"https:\/\/mirtego.lv\/en\/product\/anglu-valoda-b1-lower-intermediate\/","name":"ANG\u013bU VALODA Lower intermediate - mirtego.lv","isPartOf":{"@id":"https:\/\/mirtego.lv\/en\/#website"},"primaryImageOfPage":{"@id":"https:\/\/mirtego.lv\/en\/product\/anglu-valoda-b1-lower-intermediate\/#primaryimage"},"image":{"@id":"https:\/\/mirtego.lv\/en\/product\/anglu-valoda-b1-lower-intermediate\/#primaryimage"},"thumbnailUrl":"https:\/\/mirtego.lv\/wp-content\/uploads\/2021\/07\/ruda_meitene_grupa.jpg","datePublished":"2021-08-03T08:21:54+00:00","dateModified":"2024-12-09T14:36:04+00:00","description":"Ang\u013cu valodas nodarb\u012bbas notiek neliel\u0101s grup\u0101s ZOOM platform\u0101. Nodarb\u012bbas vada profesion\u0101li un pieredzes bag\u0101ti pasniedz\u0113ji. Valodu apm\u0101c\u012bba ir m\u016bsu sirdslieta!","breadcrumb":{"@id":"https:\/\/mirtego.lv\/en\/product\/anglu-valoda-b1-lower-intermediate\/#breadcrumb"},"inLanguage":"en-US","potentialAction":[{"@type":"ReadAction","target":["https:\/\/mirtego.lv\/en\/product\/anglu-valoda-b1-lower-intermediate\/"]}]},{"@type":"ImageObject","inLanguage":"en-US","@id":"https:\/\/mirtego.lv\/en\/product\/anglu-valoda-b1-lower-intermediate\/#primaryimage","url":"https:\/\/mirtego.lv\/wp-content\/uploads\/2021\/07\/ruda_meitene_grupa.jpg","contentUrl":"https:\/\/mirtego.lv\/wp-content\/uploads\/2021\/07\/ruda_meitene_grupa.jpg","width":960,"height":1239},{"@type":"BreadcrumbList","@id":"https:\/\/mirtego.lv\/en\/product\/anglu-valoda-b1-lower-intermediate\/#breadcrumb","itemListElement":[{"@type":"ListItem","position":1,"name":"Home","item":"https:\/\/mirtego.lv\/en\/"},{"@type":"ListItem","position":2,"name":"Shop","item":"https:\/\/mirtego.lv\/shop\/"},{"@type":"ListItem","position":3,"name":"ANG\u013bU VALODA Lower intermediate"}]},{"@type":"WebSite","@id":"https:\/\/mirtego.lv\/en\/#website","url":"https:\/\/mirtego.lv\/en\/","name":"mirtego.lv","description":"M\u0113s esam ONLINE valodu skola","publisher":{"@id":"https:\/\/mirtego.lv\/en\/#organization"},"potentialAction":[{"@type":"SearchAction","target":{"@type":"EntryPoint","urlTemplate":"https:\/\/mirtego.lv\/en\/?s={search_term_string}"},"query-input":{"@type":"PropertyValueSpecification","valueRequired":true,"valueName":"search_term_string"}}],"inLanguage":"en-US"},{"@type":"Organization","@id":"https:\/\/mirtego.lv\/en\/#organization","name":"SIA MIRTEGO","url":"https:\/\/mirtego.lv\/en\/","logo":{"@type":"ImageObject","inLanguage":"en-US","@id":"https:\/\/mirtego.lv\/en\/#\/schema\/logo\/image\/","url":"https:\/\/mirtego.lv\/wp-content\/uploads\/2020\/07\/MIRTEGO_logo400.png","contentUrl":"https:\/\/mirtego.lv\/wp-content\/uploads\/2020\/07\/MIRTEGO_logo400.png","width":400,"height":150,"caption":"SIA MIRTEGO"},"image":{"@id":"https:\/\/mirtego.lv\/en\/#\/schema\/logo\/image\/"}}]}},"_links":{"self":[{"href":"https:\/\/mirtego.lv\/en\/wp-json\/wp\/v2\/product\/5645","targetHints":{"allow":["GET"]}}],"collection":[{"href":"https:\/\/mirtego.lv\/en\/wp-json\/wp\/v2\/product"}],"about":[{"href":"https:\/\/mirtego.lv\/en\/wp-json\/wp\/v2\/types\/product"}],"wp:featuredmedia":[{"embeddable":true,"href":"https:\/\/mirtego.lv\/en\/wp-json\/wp\/v2\/media\/5591"}],"wp:attachment":[{"href":"https:\/\/mirtego.lv\/en\/wp-json\/wp\/v2\/media?parent=5645"}],"wp:term":[{"taxonomy":"product_brand","embeddable":true,"href":"https:\/\/mirtego.lv\/en\/wp-json\/wp\/v2\/product_brand?post=5645"},{"taxonomy":"product_cat","embeddable":true,"href":"https:\/\/mirtego.lv\/en\/wp-json\/wp\/v2\/product_cat?post=5645"},{"taxonomy":"product_tag","embeddable":true,"href":"https:\/\/mirtego.lv\/en\/wp-json\/wp\/v2\/product_tag?post=5645"}],"curies":[{"name":"wp","href":"https:\/\/api.w.org\/{rel}","templated":true}]}}