{"id":5681,"date":"2023-07-26T11:00:42","date_gmt":"2023-07-26T08:00:42","guid":{"rendered":"https:\/\/mirtego.lv\/?post_type=product&#038;p=5681"},"modified":"2025-01-14T16:07:36","modified_gmt":"2025-01-14T14:07:36","slug":"anglu-valoda-c1-higher-intermediate","status":"publish","type":"product","link":"https:\/\/mirtego.lv\/en\/product\/anglu-valoda-c1-higher-intermediate\/","title":{"rendered":"ANG\u013bU VALODA Higher Intermediate C1.1"},"content":{"rendered":"<div class=\"wpb_text_column wpb_content_element \">\n<div class=\"wpb_wrapper\">\n<div class=\"wpb_text_column wpb_content_element \">\n<div class=\"wpb_wrapper\">\n<ul>\n<li>Audience: <strong>4-6<\/strong> people.<\/li>\n<\/ul>\n<a itemprop=\"url\" href=\"#\" target=\"_self\" style=\"font-weight: 400\" class=\"eltdf-btn eltdf-btn-large eltdf-btn-solid eltdf-btn-default \"  >\n    <span class=\"eltdf-btn-text\">PIESAKIES<\/span>\n    <i class=\"eltdf-icon-font-awesome fa  \" ><\/i>    <\/a>\n<\/div>\n<\/div>\n<div class=\"wpb_text_column wpb_content_element \">\n<div class=\"wpb_wrapper\">\n<h5>These English lessons take place in a small group of students in person, at our learning center in Kr. Barona Street 5. Students in the group have an equivalent level of English.<\/h5>\n<\/div>\n<\/div>\n<ul>\n<li>Duration of the course: <strong>Every working day<\/strong><\/li>\n<li>Duration of one lesson \u2013 <strong>90\u00a0min<\/strong> (2*40 min.)<\/li>\n<li>Price: <strong>350 EUR<\/strong><\/li>\n<\/ul>\n<\/div>\n<\/div>\n","protected":false},"excerpt":{"rendered":"<ul>\n<li><strong>11.02.25. &#8211; 08.05.25.<\/strong><\/li>\n<li>Time: <strong>18:00 &#8211; 19:30<\/strong><\/li>\n<li>Level: <strong>C1<\/strong> Higher Intermediate<\/li>\n<li>Days of classes:<strong> Tu; Th<\/strong><\/li>\n<li>Course duration: <strong>56 hrs.<\/strong><\/li>\n<li>Number of people in the <strong>group: 4-6<\/strong><\/li>\n<li>Price: <strong>350 EUR<\/strong><\/li>\n<\/ul>\n","protected":false},"featured_media":5591,"template":"","meta":{"_acf_changed":false},"product_brand":[],"product_cat":[299],"product_tag":[],"class_list":{"0":"post-5681","1":"product","2":"type-product","3":"status-publish","4":"has-post-thumbnail","6":"product_cat-english-en","8":"first","9":"instock","10":"virtual","11":"sold-individually","12":"purchasable","13":"product-type-simple"},"acf":[],"yoast_head":"<!-- This site is optimized with the Yoast SEO plugin v26.7 - https:\/\/yoast.com\/wordpress\/plugins\/seo\/ -->\n<title>ANG\u013bU VALODA Higher Intermediate C1.1 - mirtego.lv<\/title>\n<meta name=\"description\" content=\"Ang\u013cu valodas nodarb\u012bbas notiek neliel\u0101s grup\u0101s ZOOM platform\u0101. Nodarb\u012bbas vada profesion\u0101li un pieredzes bag\u0101ti pasniedz\u0113ji. Valodu apm\u0101c\u012bba ir m\u016bsu sirdslieta!\" \/>\n<meta name=\"robots\" content=\"noindex, follow\" \/>\n<meta property=\"og:locale\" content=\"en_US\" \/>\n<meta property=\"og:type\" content=\"article\" \/>\n<meta property=\"og:title\" content=\"ANG\u013bU VALODA Higher Intermediate C1.1 - mirtego.lv\" \/>\n<meta property=\"og:description\" content=\"Ang\u013cu valodas nodarb\u012bbas notiek neliel\u0101s grup\u0101s ZOOM platform\u0101. Nodarb\u012bbas vada profesion\u0101li un pieredzes bag\u0101ti pasniedz\u0113ji. Valodu apm\u0101c\u012bba ir m\u016bsu sirdslieta!\" \/>\n<meta property=\"og:url\" content=\"https:\/\/mirtego.lv\/en\/product\/anglu-valoda-c1-higher-intermediate\/\" \/>\n<meta property=\"og:site_name\" content=\"mirtego.lv\" \/>\n<meta property=\"article:modified_time\" content=\"2025-01-14T14:07:36+00:00\" \/>\n<meta property=\"og:image\" content=\"https:\/\/mirtego.lv\/wp-content\/uploads\/2021\/07\/ruda_meitene_grupa.jpg\" \/>\n\t<meta property=\"og:image:width\" content=\"960\" \/>\n\t<meta property=\"og:image:height\" content=\"1239\" \/>\n\t<meta property=\"og:image:type\" content=\"image\/jpeg\" \/>\n<meta name=\"twitter:card\" content=\"summary_large_image\" \/>\n<meta name=\"twitter:label1\" content=\"Est. reading time\" \/>\n\t<meta name=\"twitter:data1\" content=\"1 minute\" \/>\n<script type=\"application\/ld+json\" class=\"yoast-schema-graph\">{\"@context\":\"https:\/\/schema.org\",\"@graph\":[{\"@type\":\"WebPage\",\"@id\":\"https:\/\/mirtego.lv\/en\/product\/anglu-valoda-c1-higher-intermediate\/\",\"url\":\"https:\/\/mirtego.lv\/en\/product\/anglu-valoda-c1-higher-intermediate\/\",\"name\":\"ANG\u013bU VALODA Higher Intermediate C1.1 - mirtego.lv\",\"isPartOf\":{\"@id\":\"https:\/\/mirtego.lv\/en\/#website\"},\"primaryImageOfPage\":{\"@id\":\"https:\/\/mirtego.lv\/en\/product\/anglu-valoda-c1-higher-intermediate\/#primaryimage\"},\"image\":{\"@id\":\"https:\/\/mirtego.lv\/en\/product\/anglu-valoda-c1-higher-intermediate\/#primaryimage\"},\"thumbnailUrl\":\"https:\/\/mirtego.lv\/wp-content\/uploads\/2021\/07\/ruda_meitene_grupa.jpg\",\"datePublished\":\"2023-07-26T08:00:42+00:00\",\"dateModified\":\"2025-01-14T14:07:36+00:00\",\"description\":\"Ang\u013cu valodas nodarb\u012bbas notiek neliel\u0101s grup\u0101s ZOOM platform\u0101. Nodarb\u012bbas vada profesion\u0101li un pieredzes bag\u0101ti pasniedz\u0113ji. Valodu apm\u0101c\u012bba ir m\u016bsu sirdslieta!\",\"breadcrumb\":{\"@id\":\"https:\/\/mirtego.lv\/en\/product\/anglu-valoda-c1-higher-intermediate\/#breadcrumb\"},\"inLanguage\":\"en-US\",\"potentialAction\":[{\"@type\":\"ReadAction\",\"target\":[\"https:\/\/mirtego.lv\/en\/product\/anglu-valoda-c1-higher-intermediate\/\"]}]},{\"@type\":\"ImageObject\",\"inLanguage\":\"en-US\",\"@id\":\"https:\/\/mirtego.lv\/en\/product\/anglu-valoda-c1-higher-intermediate\/#primaryimage\",\"url\":\"https:\/\/mirtego.lv\/wp-content\/uploads\/2021\/07\/ruda_meitene_grupa.jpg\",\"contentUrl\":\"https:\/\/mirtego.lv\/wp-content\/uploads\/2021\/07\/ruda_meitene_grupa.jpg\",\"width\":960,\"height\":1239},{\"@type\":\"BreadcrumbList\",\"@id\":\"https:\/\/mirtego.lv\/en\/product\/anglu-valoda-c1-higher-intermediate\/#breadcrumb\",\"itemListElement\":[{\"@type\":\"ListItem\",\"position\":1,\"name\":\"Home\",\"item\":\"https:\/\/mirtego.lv\/en\/\"},{\"@type\":\"ListItem\",\"position\":2,\"name\":\"Shop\",\"item\":\"https:\/\/mirtego.lv\/shop\/\"},{\"@type\":\"ListItem\",\"position\":3,\"name\":\"ANG\u013bU VALODA Higher Intermediate C1.1\"}]},{\"@type\":\"WebSite\",\"@id\":\"https:\/\/mirtego.lv\/en\/#website\",\"url\":\"https:\/\/mirtego.lv\/en\/\",\"name\":\"mirtego.lv\",\"description\":\"M\u0113s esam ONLINE valodu skola\",\"publisher\":{\"@id\":\"https:\/\/mirtego.lv\/en\/#organization\"},\"potentialAction\":[{\"@type\":\"SearchAction\",\"target\":{\"@type\":\"EntryPoint\",\"urlTemplate\":\"https:\/\/mirtego.lv\/en\/?s={search_term_string}\"},\"query-input\":{\"@type\":\"PropertyValueSpecification\",\"valueRequired\":true,\"valueName\":\"search_term_string\"}}],\"inLanguage\":\"en-US\"},{\"@type\":\"Organization\",\"@id\":\"https:\/\/mirtego.lv\/en\/#organization\",\"name\":\"SIA MIRTEGO\",\"url\":\"https:\/\/mirtego.lv\/en\/\",\"logo\":{\"@type\":\"ImageObject\",\"inLanguage\":\"en-US\",\"@id\":\"https:\/\/mirtego.lv\/en\/#\/schema\/logo\/image\/\",\"url\":\"https:\/\/mirtego.lv\/wp-content\/uploads\/2020\/07\/MIRTEGO_logo400.png\",\"contentUrl\":\"https:\/\/mirtego.lv\/wp-content\/uploads\/2020\/07\/MIRTEGO_logo400.png\",\"width\":400,\"height\":150,\"caption\":\"SIA MIRTEGO\"},\"image\":{\"@id\":\"https:\/\/mirtego.lv\/en\/#\/schema\/logo\/image\/\"}}]}<\/script>\n<!-- \/ Yoast SEO plugin. -->","yoast_head_json":{"title":"ANG\u013bU VALODA Higher Intermediate C1.1 - mirtego.lv","description":"Ang\u013cu valodas nodarb\u012bbas notiek neliel\u0101s grup\u0101s ZOOM platform\u0101. Nodarb\u012bbas vada profesion\u0101li un pieredzes bag\u0101ti pasniedz\u0113ji. Valodu apm\u0101c\u012bba ir m\u016bsu sirdslieta!","robots":{"index":"noindex","follow":"follow"},"og_locale":"en_US","og_type":"article","og_title":"ANG\u013bU VALODA Higher Intermediate C1.1 - mirtego.lv","og_description":"Ang\u013cu valodas nodarb\u012bbas notiek neliel\u0101s grup\u0101s ZOOM platform\u0101. Nodarb\u012bbas vada profesion\u0101li un pieredzes bag\u0101ti pasniedz\u0113ji. Valodu apm\u0101c\u012bba ir m\u016bsu sirdslieta!","og_url":"https:\/\/mirtego.lv\/en\/product\/anglu-valoda-c1-higher-intermediate\/","og_site_name":"mirtego.lv","article_modified_time":"2025-01-14T14:07:36+00:00","og_image":[{"width":960,"height":1239,"url":"https:\/\/mirtego.lv\/wp-content\/uploads\/2021\/07\/ruda_meitene_grupa.jpg","type":"image\/jpeg"}],"twitter_card":"summary_large_image","twitter_misc":{"Est. reading time":"1 minute"},"schema":{"@context":"https:\/\/schema.org","@graph":[{"@type":"WebPage","@id":"https:\/\/mirtego.lv\/en\/product\/anglu-valoda-c1-higher-intermediate\/","url":"https:\/\/mirtego.lv\/en\/product\/anglu-valoda-c1-higher-intermediate\/","name":"ANG\u013bU VALODA Higher Intermediate C1.1 - mirtego.lv","isPartOf":{"@id":"https:\/\/mirtego.lv\/en\/#website"},"primaryImageOfPage":{"@id":"https:\/\/mirtego.lv\/en\/product\/anglu-valoda-c1-higher-intermediate\/#primaryimage"},"image":{"@id":"https:\/\/mirtego.lv\/en\/product\/anglu-valoda-c1-higher-intermediate\/#primaryimage"},"thumbnailUrl":"https:\/\/mirtego.lv\/wp-content\/uploads\/2021\/07\/ruda_meitene_grupa.jpg","datePublished":"2023-07-26T08:00:42+00:00","dateModified":"2025-01-14T14:07:36+00:00","description":"Ang\u013cu valodas nodarb\u012bbas notiek neliel\u0101s grup\u0101s ZOOM platform\u0101. Nodarb\u012bbas vada profesion\u0101li un pieredzes bag\u0101ti pasniedz\u0113ji. Valodu apm\u0101c\u012bba ir m\u016bsu sirdslieta!","breadcrumb":{"@id":"https:\/\/mirtego.lv\/en\/product\/anglu-valoda-c1-higher-intermediate\/#breadcrumb"},"inLanguage":"en-US","potentialAction":[{"@type":"ReadAction","target":["https:\/\/mirtego.lv\/en\/product\/anglu-valoda-c1-higher-intermediate\/"]}]},{"@type":"ImageObject","inLanguage":"en-US","@id":"https:\/\/mirtego.lv\/en\/product\/anglu-valoda-c1-higher-intermediate\/#primaryimage","url":"https:\/\/mirtego.lv\/wp-content\/uploads\/2021\/07\/ruda_meitene_grupa.jpg","contentUrl":"https:\/\/mirtego.lv\/wp-content\/uploads\/2021\/07\/ruda_meitene_grupa.jpg","width":960,"height":1239},{"@type":"BreadcrumbList","@id":"https:\/\/mirtego.lv\/en\/product\/anglu-valoda-c1-higher-intermediate\/#breadcrumb","itemListElement":[{"@type":"ListItem","position":1,"name":"Home","item":"https:\/\/mirtego.lv\/en\/"},{"@type":"ListItem","position":2,"name":"Shop","item":"https:\/\/mirtego.lv\/shop\/"},{"@type":"ListItem","position":3,"name":"ANG\u013bU VALODA Higher Intermediate C1.1"}]},{"@type":"WebSite","@id":"https:\/\/mirtego.lv\/en\/#website","url":"https:\/\/mirtego.lv\/en\/","name":"mirtego.lv","description":"M\u0113s esam ONLINE valodu skola","publisher":{"@id":"https:\/\/mirtego.lv\/en\/#organization"},"potentialAction":[{"@type":"SearchAction","target":{"@type":"EntryPoint","urlTemplate":"https:\/\/mirtego.lv\/en\/?s={search_term_string}"},"query-input":{"@type":"PropertyValueSpecification","valueRequired":true,"valueName":"search_term_string"}}],"inLanguage":"en-US"},{"@type":"Organization","@id":"https:\/\/mirtego.lv\/en\/#organization","name":"SIA MIRTEGO","url":"https:\/\/mirtego.lv\/en\/","logo":{"@type":"ImageObject","inLanguage":"en-US","@id":"https:\/\/mirtego.lv\/en\/#\/schema\/logo\/image\/","url":"https:\/\/mirtego.lv\/wp-content\/uploads\/2020\/07\/MIRTEGO_logo400.png","contentUrl":"https:\/\/mirtego.lv\/wp-content\/uploads\/2020\/07\/MIRTEGO_logo400.png","width":400,"height":150,"caption":"SIA MIRTEGO"},"image":{"@id":"https:\/\/mirtego.lv\/en\/#\/schema\/logo\/image\/"}}]}},"_links":{"self":[{"href":"https:\/\/mirtego.lv\/en\/wp-json\/wp\/v2\/product\/5681","targetHints":{"allow":["GET"]}}],"collection":[{"href":"https:\/\/mirtego.lv\/en\/wp-json\/wp\/v2\/product"}],"about":[{"href":"https:\/\/mirtego.lv\/en\/wp-json\/wp\/v2\/types\/product"}],"wp:featuredmedia":[{"embeddable":true,"href":"https:\/\/mirtego.lv\/en\/wp-json\/wp\/v2\/media\/5591"}],"wp:attachment":[{"href":"https:\/\/mirtego.lv\/en\/wp-json\/wp\/v2\/media?parent=5681"}],"wp:term":[{"taxonomy":"product_brand","embeddable":true,"href":"https:\/\/mirtego.lv\/en\/wp-json\/wp\/v2\/product_brand?post=5681"},{"taxonomy":"product_cat","embeddable":true,"href":"https:\/\/mirtego.lv\/en\/wp-json\/wp\/v2\/product_cat?post=5681"},{"taxonomy":"product_tag","embeddable":true,"href":"https:\/\/mirtego.lv\/en\/wp-json\/wp\/v2\/product_tag?post=5681"}],"curies":[{"name":"wp","href":"https:\/\/api.w.org\/{rel}","templated":true}]}}