{"id":9523,"date":"2024-10-18T16:12:11","date_gmt":"2024-10-18T13:12:11","guid":{"rendered":"https:\/\/mirtego.lv\/?post_type=product&#038;p=9523"},"modified":"2025-01-28T12:35:21","modified_gmt":"2025-01-28T10:35:21","slug":"spanish","status":"publish","type":"product","link":"https:\/\/mirtego.lv\/en\/product\/spanish\/","title":{"rendered":"SPANISH A1 \ud83c\uddea\ud83c\uddf8"},"content":{"rendered":"<p>Number of participants: <strong>6-8<\/strong> people<br \/>\nCourse length: <strong>56 academic hours<\/strong><br \/>\nLesson time: EVENING groups are available.<\/p>\n<p>These Japanese language classes are held by small groups of students online on the ZOOM platform. The students of the group have an equal level of knowledge of the Spanish language.<br \/>\nCourse duration: <strong>2.5 months<\/strong> or <strong>56 academic hours<\/strong><br \/>\nClasses are held <strong>MO<\/strong><b>,. WE,<\/b><b>.<\/b><br \/>\nDuration of one lesson &#8211; <strong>90 min<\/strong> (2 * 45 min.)<br \/>\nPrice: 420<strong>\u00a0EUR<\/strong> (buying the course right away &#8211; we give a textbook as a gift)<br \/>\nLesson days: <strong>MO<\/strong><b>,. WE,.<\/b><\/p>\n","protected":false},"excerpt":{"rendered":"<p><b>10.02.25 &#8211; 12.05.25<\/b><\/p>\n<p>Time: <strong>18:00-19:30<\/strong><br \/>\nLevel: <strong>A1 without prior knowledge<\/strong><br \/>\nLesson days: <strong>MO<\/strong><b>,. WE,.<\/b><br \/>\nPrice:<strong> 420 EUR<\/strong><\/p>\n","protected":false},"featured_media":5935,"template":"","meta":{"_acf_changed":false},"product_brand":[],"product_cat":[333],"product_tag":[],"class_list":{"0":"post-9523","1":"product","2":"type-product","3":"status-publish","4":"has-post-thumbnail","6":"product_cat-spanish","8":"first","9":"instock","10":"virtual","11":"sold-individually","12":"purchasable","13":"product-type-simple"},"acf":[],"yoast_head":"<!-- This site is optimized with the Yoast SEO plugin v26.7 - https:\/\/yoast.com\/wordpress\/plugins\/seo\/ -->\n<title>SPANISH A1 \ud83c\uddea\ud83c\uddf8 - mirtego.lv<\/title>\n<meta name=\"description\" content=\"Japanese language lessons take place in small groups on the ZOOM platform. Classes are led by professional and experienced teachers.\" \/>\n<meta name=\"robots\" content=\"noindex, follow\" \/>\n<meta property=\"og:locale\" content=\"en_US\" \/>\n<meta property=\"og:type\" content=\"article\" \/>\n<meta property=\"og:title\" content=\"SPANISH A1 \ud83c\uddea\ud83c\uddf8 - mirtego.lv\" \/>\n<meta property=\"og:description\" content=\"Japanese language lessons take place in small groups on the ZOOM platform. Classes are led by professional and experienced teachers.\" \/>\n<meta property=\"og:url\" content=\"https:\/\/mirtego.lv\/en\/product\/spanish\/\" \/>\n<meta property=\"og:site_name\" content=\"mirtego.lv\" \/>\n<meta property=\"article:modified_time\" content=\"2025-01-28T10:35:21+00:00\" \/>\n<meta property=\"og:image\" content=\"https:\/\/mirtego.lv\/wp-content\/uploads\/2021\/09\/spanu-valodas-kursi-lapas-galvenais-attels-1030x687.png\" \/>\n\t<meta property=\"og:image:width\" content=\"1030\" \/>\n\t<meta property=\"og:image:height\" content=\"687\" \/>\n\t<meta property=\"og:image:type\" content=\"image\/png\" \/>\n<meta name=\"twitter:card\" content=\"summary_large_image\" \/>\n<meta name=\"twitter:label1\" content=\"Est. reading time\" \/>\n\t<meta name=\"twitter:data1\" content=\"1 minute\" \/>\n<script type=\"application\/ld+json\" class=\"yoast-schema-graph\">{\"@context\":\"https:\/\/schema.org\",\"@graph\":[{\"@type\":\"WebPage\",\"@id\":\"https:\/\/mirtego.lv\/en\/product\/spanish\/\",\"url\":\"https:\/\/mirtego.lv\/en\/product\/spanish\/\",\"name\":\"SPANISH A1 \ud83c\uddea\ud83c\uddf8 - mirtego.lv\",\"isPartOf\":{\"@id\":\"https:\/\/mirtego.lv\/en\/#website\"},\"primaryImageOfPage\":{\"@id\":\"https:\/\/mirtego.lv\/en\/product\/spanish\/#primaryimage\"},\"image\":{\"@id\":\"https:\/\/mirtego.lv\/en\/product\/spanish\/#primaryimage\"},\"thumbnailUrl\":\"https:\/\/mirtego.lv\/wp-content\/uploads\/2021\/09\/spanu-valodas-kursi-lapas-galvenais-attels.png\",\"datePublished\":\"2024-10-18T13:12:11+00:00\",\"dateModified\":\"2025-01-28T10:35:21+00:00\",\"description\":\"Japanese language lessons take place in small groups on the ZOOM platform. Classes are led by professional and experienced teachers.\",\"breadcrumb\":{\"@id\":\"https:\/\/mirtego.lv\/en\/product\/spanish\/#breadcrumb\"},\"inLanguage\":\"en-US\",\"potentialAction\":[{\"@type\":\"ReadAction\",\"target\":[\"https:\/\/mirtego.lv\/en\/product\/spanish\/\"]}]},{\"@type\":\"ImageObject\",\"inLanguage\":\"en-US\",\"@id\":\"https:\/\/mirtego.lv\/en\/product\/spanish\/#primaryimage\",\"url\":\"https:\/\/mirtego.lv\/wp-content\/uploads\/2021\/09\/spanu-valodas-kursi-lapas-galvenais-attels.png\",\"contentUrl\":\"https:\/\/mirtego.lv\/wp-content\/uploads\/2021\/09\/spanu-valodas-kursi-lapas-galvenais-attels.png\",\"width\":1800,\"height\":1200,\"caption\":\"Sp\u0101\u0146u valodas kursi ies\u0101c\u0113jiem un ar priek\u0161zin\u0101\u0161an\u0101m\"},{\"@type\":\"BreadcrumbList\",\"@id\":\"https:\/\/mirtego.lv\/en\/product\/spanish\/#breadcrumb\",\"itemListElement\":[{\"@type\":\"ListItem\",\"position\":1,\"name\":\"Home\",\"item\":\"https:\/\/mirtego.lv\/en\/\"},{\"@type\":\"ListItem\",\"position\":2,\"name\":\"Shop\",\"item\":\"https:\/\/mirtego.lv\/shop\/\"},{\"@type\":\"ListItem\",\"position\":3,\"name\":\"SPANISH A1 \ud83c\uddea\ud83c\uddf8\"}]},{\"@type\":\"WebSite\",\"@id\":\"https:\/\/mirtego.lv\/en\/#website\",\"url\":\"https:\/\/mirtego.lv\/en\/\",\"name\":\"mirtego.lv\",\"description\":\"M\u0113s esam ONLINE valodu skola\",\"publisher\":{\"@id\":\"https:\/\/mirtego.lv\/en\/#organization\"},\"potentialAction\":[{\"@type\":\"SearchAction\",\"target\":{\"@type\":\"EntryPoint\",\"urlTemplate\":\"https:\/\/mirtego.lv\/en\/?s={search_term_string}\"},\"query-input\":{\"@type\":\"PropertyValueSpecification\",\"valueRequired\":true,\"valueName\":\"search_term_string\"}}],\"inLanguage\":\"en-US\"},{\"@type\":\"Organization\",\"@id\":\"https:\/\/mirtego.lv\/en\/#organization\",\"name\":\"SIA MIRTEGO\",\"url\":\"https:\/\/mirtego.lv\/en\/\",\"logo\":{\"@type\":\"ImageObject\",\"inLanguage\":\"en-US\",\"@id\":\"https:\/\/mirtego.lv\/en\/#\/schema\/logo\/image\/\",\"url\":\"https:\/\/mirtego.lv\/wp-content\/uploads\/2020\/07\/MIRTEGO_logo400.png\",\"contentUrl\":\"https:\/\/mirtego.lv\/wp-content\/uploads\/2020\/07\/MIRTEGO_logo400.png\",\"width\":400,\"height\":150,\"caption\":\"SIA MIRTEGO\"},\"image\":{\"@id\":\"https:\/\/mirtego.lv\/en\/#\/schema\/logo\/image\/\"}}]}<\/script>\n<!-- \/ Yoast SEO plugin. -->","yoast_head_json":{"title":"SPANISH A1 \ud83c\uddea\ud83c\uddf8 - mirtego.lv","description":"Japanese language lessons take place in small groups on the ZOOM platform. Classes are led by professional and experienced teachers.","robots":{"index":"noindex","follow":"follow"},"og_locale":"en_US","og_type":"article","og_title":"SPANISH A1 \ud83c\uddea\ud83c\uddf8 - mirtego.lv","og_description":"Japanese language lessons take place in small groups on the ZOOM platform. Classes are led by professional and experienced teachers.","og_url":"https:\/\/mirtego.lv\/en\/product\/spanish\/","og_site_name":"mirtego.lv","article_modified_time":"2025-01-28T10:35:21+00:00","og_image":[{"width":1030,"height":687,"url":"https:\/\/mirtego.lv\/wp-content\/uploads\/2021\/09\/spanu-valodas-kursi-lapas-galvenais-attels-1030x687.png","type":"image\/png"}],"twitter_card":"summary_large_image","twitter_misc":{"Est. reading time":"1 minute"},"schema":{"@context":"https:\/\/schema.org","@graph":[{"@type":"WebPage","@id":"https:\/\/mirtego.lv\/en\/product\/spanish\/","url":"https:\/\/mirtego.lv\/en\/product\/spanish\/","name":"SPANISH A1 \ud83c\uddea\ud83c\uddf8 - mirtego.lv","isPartOf":{"@id":"https:\/\/mirtego.lv\/en\/#website"},"primaryImageOfPage":{"@id":"https:\/\/mirtego.lv\/en\/product\/spanish\/#primaryimage"},"image":{"@id":"https:\/\/mirtego.lv\/en\/product\/spanish\/#primaryimage"},"thumbnailUrl":"https:\/\/mirtego.lv\/wp-content\/uploads\/2021\/09\/spanu-valodas-kursi-lapas-galvenais-attels.png","datePublished":"2024-10-18T13:12:11+00:00","dateModified":"2025-01-28T10:35:21+00:00","description":"Japanese language lessons take place in small groups on the ZOOM platform. Classes are led by professional and experienced teachers.","breadcrumb":{"@id":"https:\/\/mirtego.lv\/en\/product\/spanish\/#breadcrumb"},"inLanguage":"en-US","potentialAction":[{"@type":"ReadAction","target":["https:\/\/mirtego.lv\/en\/product\/spanish\/"]}]},{"@type":"ImageObject","inLanguage":"en-US","@id":"https:\/\/mirtego.lv\/en\/product\/spanish\/#primaryimage","url":"https:\/\/mirtego.lv\/wp-content\/uploads\/2021\/09\/spanu-valodas-kursi-lapas-galvenais-attels.png","contentUrl":"https:\/\/mirtego.lv\/wp-content\/uploads\/2021\/09\/spanu-valodas-kursi-lapas-galvenais-attels.png","width":1800,"height":1200,"caption":"Sp\u0101\u0146u valodas kursi ies\u0101c\u0113jiem un ar priek\u0161zin\u0101\u0161an\u0101m"},{"@type":"BreadcrumbList","@id":"https:\/\/mirtego.lv\/en\/product\/spanish\/#breadcrumb","itemListElement":[{"@type":"ListItem","position":1,"name":"Home","item":"https:\/\/mirtego.lv\/en\/"},{"@type":"ListItem","position":2,"name":"Shop","item":"https:\/\/mirtego.lv\/shop\/"},{"@type":"ListItem","position":3,"name":"SPANISH A1 \ud83c\uddea\ud83c\uddf8"}]},{"@type":"WebSite","@id":"https:\/\/mirtego.lv\/en\/#website","url":"https:\/\/mirtego.lv\/en\/","name":"mirtego.lv","description":"M\u0113s esam ONLINE valodu skola","publisher":{"@id":"https:\/\/mirtego.lv\/en\/#organization"},"potentialAction":[{"@type":"SearchAction","target":{"@type":"EntryPoint","urlTemplate":"https:\/\/mirtego.lv\/en\/?s={search_term_string}"},"query-input":{"@type":"PropertyValueSpecification","valueRequired":true,"valueName":"search_term_string"}}],"inLanguage":"en-US"},{"@type":"Organization","@id":"https:\/\/mirtego.lv\/en\/#organization","name":"SIA MIRTEGO","url":"https:\/\/mirtego.lv\/en\/","logo":{"@type":"ImageObject","inLanguage":"en-US","@id":"https:\/\/mirtego.lv\/en\/#\/schema\/logo\/image\/","url":"https:\/\/mirtego.lv\/wp-content\/uploads\/2020\/07\/MIRTEGO_logo400.png","contentUrl":"https:\/\/mirtego.lv\/wp-content\/uploads\/2020\/07\/MIRTEGO_logo400.png","width":400,"height":150,"caption":"SIA MIRTEGO"},"image":{"@id":"https:\/\/mirtego.lv\/en\/#\/schema\/logo\/image\/"}}]}},"_links":{"self":[{"href":"https:\/\/mirtego.lv\/en\/wp-json\/wp\/v2\/product\/9523","targetHints":{"allow":["GET"]}}],"collection":[{"href":"https:\/\/mirtego.lv\/en\/wp-json\/wp\/v2\/product"}],"about":[{"href":"https:\/\/mirtego.lv\/en\/wp-json\/wp\/v2\/types\/product"}],"wp:featuredmedia":[{"embeddable":true,"href":"https:\/\/mirtego.lv\/en\/wp-json\/wp\/v2\/media\/5935"}],"wp:attachment":[{"href":"https:\/\/mirtego.lv\/en\/wp-json\/wp\/v2\/media?parent=9523"}],"wp:term":[{"taxonomy":"product_brand","embeddable":true,"href":"https:\/\/mirtego.lv\/en\/wp-json\/wp\/v2\/product_brand?post=9523"},{"taxonomy":"product_cat","embeddable":true,"href":"https:\/\/mirtego.lv\/en\/wp-json\/wp\/v2\/product_cat?post=9523"},{"taxonomy":"product_tag","embeddable":true,"href":"https:\/\/mirtego.lv\/en\/wp-json\/wp\/v2\/product_tag?post=9523"}],"curies":[{"name":"wp","href":"https:\/\/api.w.org\/{rel}","templated":true}]}}