{"id":5701,"date":"2021-07-26T16:29:40","date_gmt":"2021-07-26T13:29:40","guid":{"rendered":"https:\/\/mirtego.lv\/product\/russkij-yazyk-a1\/"},"modified":"2024-12-11T15:16:24","modified_gmt":"2024-12-11T13:16:24","slug":"russkij-yazyk-a1","status":"publish","type":"product","link":"https:\/\/mirtego.lv\/ru\/product\/russkij-yazyk-a1\/","title":{"rendered":"\u0420\u0423\u0421\u0421\u041a\u0418\u0419 \u042f\u0417\u042b\u041a A1"},"content":{"rendered":"<div class=\"wpb_text_column wpb_content_element \">\n<div class=\"wpb_wrapper\">\n<p>Klaus\u012bt\u0101ju skaits:\u00a0<strong>6-8<\/strong>\u00a0cilv\u0113ki.<br \/>\nKursa garums: <strong>60<\/strong> akad\u0113misk\u0101s stundas.<br \/>\nNodarb\u012bbu laiks: ir pieejamas VAKARA grupas.<\/p>\n<\/div>\n<\/div>\n<div class=\"wpb_text_column wpb_content_element \">\n<div class=\"wpb_wrapper\">\n<h5>\u0160\u012bs krievu valodas nodarb\u012bbas norisin\u0101s neliel\u0101 studentu grup\u0101 tie\u0161saist\u0113 ZOOM platformas klas\u0113. Grupas studentiem ir l\u012bdzv\u0113rt\u012bgs krievu valodas zin\u0101\u0161anu l\u012bmenis.<\/h5>\n<\/div>\n<\/div>\n","protected":false},"excerpt":{"rendered":"<ul>\n<li><b>07.01.25. &#8212; 06.03.25.<\/b><\/li>\n<li>LAIKS: <strong>18:00-19:30<\/strong><\/li>\n<li>L\u012bmenis:<strong> A1<\/strong><\/li>\n<li>Nodarb\u012bbu dienas:<strong> O., Tr., C.<\/strong><\/li>\n<li>Kursa ilgums:<strong> 60<\/strong><b>\u00a0ak.st.<\/b><\/li>\n<li>Cilv\u0113ku skaits grup\u0101: <strong>6-8<\/strong><\/li>\n<li>Cena: <strong>350 EUR<\/strong><\/li>\n<\/ul>\n","protected":false},"featured_media":5586,"template":"","meta":{"_acf_changed":false},"product_brand":[],"product_cat":[301],"product_tag":[],"class_list":{"0":"post-5701","1":"product","2":"type-product","3":"status-publish","4":"has-post-thumbnail","6":"product_cat-russkij-yazyk","8":"first","9":"instock","10":"virtual","11":"sold-individually","12":"purchasable","13":"product-type-simple"},"acf":[],"yoast_head":"<!-- This site is optimized with the Yoast SEO plugin v26.7 - https:\/\/yoast.com\/wordpress\/plugins\/seo\/ -->\n<title>\u0420\u0423\u0421\u0421\u041a\u0418\u0419 \u042f\u0417\u042b\u041a A1 - mirtego.lv<\/title>\n<meta name=\"robots\" content=\"noindex, follow\" \/>\n<meta property=\"og:locale\" content=\"ru_RU\" \/>\n<meta property=\"og:type\" content=\"article\" \/>\n<meta property=\"og:title\" content=\"\u0420\u0423\u0421\u0421\u041a\u0418\u0419 \u042f\u0417\u042b\u041a A1 - mirtego.lv\" \/>\n<meta property=\"og:description\" content=\"07.01.25. - 06.03.25.  LAIKS: 18:00-19:30  L\u012bmenis: A1  Nodarb\u012bbu dienas: O., Tr., C.  Kursa ilgums: 60\u00a0ak.st.  Cilv\u0113ku skaits grup\u0101: 6-8  Cena: 350 EUR\" \/>\n<meta property=\"og:url\" content=\"https:\/\/mirtego.lv\/ru\/product\/russkij-yazyk-a1\/\" \/>\n<meta property=\"og:site_name\" content=\"mirtego.lv\" \/>\n<meta property=\"article:modified_time\" content=\"2024-12-11T13:16:24+00:00\" \/>\n<meta property=\"og:image\" content=\"https:\/\/mirtego.lv\/wp-content\/uploads\/2021\/07\/krievu_grupa.jpg\" \/>\n\t<meta property=\"og:image:width\" content=\"960\" \/>\n\t<meta property=\"og:image:height\" content=\"984\" \/>\n\t<meta property=\"og:image:type\" content=\"image\/jpeg\" \/>\n<meta name=\"twitter:card\" content=\"summary_large_image\" \/>\n<meta name=\"twitter:label1\" content=\"\u041f\u0440\u0438\u043c\u0435\u0440\u043d\u043e\u0435 \u0432\u0440\u0435\u043c\u044f \u0434\u043b\u044f \u0447\u0442\u0435\u043d\u0438\u044f\" \/>\n\t<meta name=\"twitter:data1\" content=\"1 \u043c\u0438\u043d\u0443\u0442\u0430\" \/>\n<script type=\"application\/ld+json\" class=\"yoast-schema-graph\">{\"@context\":\"https:\/\/schema.org\",\"@graph\":[{\"@type\":\"WebPage\",\"@id\":\"https:\/\/mirtego.lv\/ru\/product\/russkij-yazyk-a1\/\",\"url\":\"https:\/\/mirtego.lv\/ru\/product\/russkij-yazyk-a1\/\",\"name\":\"\u0420\u0423\u0421\u0421\u041a\u0418\u0419 \u042f\u0417\u042b\u041a A1 - mirtego.lv\",\"isPartOf\":{\"@id\":\"https:\/\/mirtego.lv\/ru\/#website\"},\"primaryImageOfPage\":{\"@id\":\"https:\/\/mirtego.lv\/ru\/product\/russkij-yazyk-a1\/#primaryimage\"},\"image\":{\"@id\":\"https:\/\/mirtego.lv\/ru\/product\/russkij-yazyk-a1\/#primaryimage\"},\"thumbnailUrl\":\"https:\/\/mirtego.lv\/wp-content\/uploads\/2021\/07\/krievu_grupa.jpg\",\"datePublished\":\"2021-07-26T13:29:40+00:00\",\"dateModified\":\"2024-12-11T13:16:24+00:00\",\"breadcrumb\":{\"@id\":\"https:\/\/mirtego.lv\/ru\/product\/russkij-yazyk-a1\/#breadcrumb\"},\"inLanguage\":\"ru-RU\",\"potentialAction\":[{\"@type\":\"ReadAction\",\"target\":[\"https:\/\/mirtego.lv\/ru\/product\/russkij-yazyk-a1\/\"]}]},{\"@type\":\"ImageObject\",\"inLanguage\":\"ru-RU\",\"@id\":\"https:\/\/mirtego.lv\/ru\/product\/russkij-yazyk-a1\/#primaryimage\",\"url\":\"https:\/\/mirtego.lv\/wp-content\/uploads\/2021\/07\/krievu_grupa.jpg\",\"contentUrl\":\"https:\/\/mirtego.lv\/wp-content\/uploads\/2021\/07\/krievu_grupa.jpg\",\"width\":960,\"height\":984},{\"@type\":\"BreadcrumbList\",\"@id\":\"https:\/\/mirtego.lv\/ru\/product\/russkij-yazyk-a1\/#breadcrumb\",\"itemListElement\":[{\"@type\":\"ListItem\",\"position\":1,\"name\":\"Home\",\"item\":\"https:\/\/mirtego.lv\/ru\/\"},{\"@type\":\"ListItem\",\"position\":2,\"name\":\"Shop\",\"item\":\"https:\/\/mirtego.lv\/shop\/\"},{\"@type\":\"ListItem\",\"position\":3,\"name\":\"\u0420\u0423\u0421\u0421\u041a\u0418\u0419 \u042f\u0417\u042b\u041a A1\"}]},{\"@type\":\"WebSite\",\"@id\":\"https:\/\/mirtego.lv\/ru\/#website\",\"url\":\"https:\/\/mirtego.lv\/ru\/\",\"name\":\"mirtego.lv\",\"description\":\"M\u0113s esam ONLINE valodu skola\",\"publisher\":{\"@id\":\"https:\/\/mirtego.lv\/ru\/#organization\"},\"potentialAction\":[{\"@type\":\"SearchAction\",\"target\":{\"@type\":\"EntryPoint\",\"urlTemplate\":\"https:\/\/mirtego.lv\/ru\/?s={search_term_string}\"},\"query-input\":{\"@type\":\"PropertyValueSpecification\",\"valueRequired\":true,\"valueName\":\"search_term_string\"}}],\"inLanguage\":\"ru-RU\"},{\"@type\":\"Organization\",\"@id\":\"https:\/\/mirtego.lv\/ru\/#organization\",\"name\":\"SIA MIRTEGO\",\"url\":\"https:\/\/mirtego.lv\/ru\/\",\"logo\":{\"@type\":\"ImageObject\",\"inLanguage\":\"ru-RU\",\"@id\":\"https:\/\/mirtego.lv\/ru\/#\/schema\/logo\/image\/\",\"url\":\"https:\/\/mirtego.lv\/wp-content\/uploads\/2020\/07\/MIRTEGO_logo400.png\",\"contentUrl\":\"https:\/\/mirtego.lv\/wp-content\/uploads\/2020\/07\/MIRTEGO_logo400.png\",\"width\":400,\"height\":150,\"caption\":\"SIA MIRTEGO\"},\"image\":{\"@id\":\"https:\/\/mirtego.lv\/ru\/#\/schema\/logo\/image\/\"}}]}<\/script>\n<!-- \/ Yoast SEO plugin. -->","yoast_head_json":{"title":"\u0420\u0423\u0421\u0421\u041a\u0418\u0419 \u042f\u0417\u042b\u041a A1 - mirtego.lv","robots":{"index":"noindex","follow":"follow"},"og_locale":"ru_RU","og_type":"article","og_title":"\u0420\u0423\u0421\u0421\u041a\u0418\u0419 \u042f\u0417\u042b\u041a A1 - mirtego.lv","og_description":"07.01.25. - 06.03.25.  LAIKS: 18:00-19:30  L\u012bmenis: A1  Nodarb\u012bbu dienas: O., Tr., C.  Kursa ilgums: 60\u00a0ak.st.  Cilv\u0113ku skaits grup\u0101: 6-8  Cena: 350 EUR","og_url":"https:\/\/mirtego.lv\/ru\/product\/russkij-yazyk-a1\/","og_site_name":"mirtego.lv","article_modified_time":"2024-12-11T13:16:24+00:00","og_image":[{"width":960,"height":984,"url":"https:\/\/mirtego.lv\/wp-content\/uploads\/2021\/07\/krievu_grupa.jpg","type":"image\/jpeg"}],"twitter_card":"summary_large_image","twitter_misc":{"\u041f\u0440\u0438\u043c\u0435\u0440\u043d\u043e\u0435 \u0432\u0440\u0435\u043c\u044f \u0434\u043b\u044f \u0447\u0442\u0435\u043d\u0438\u044f":"1 \u043c\u0438\u043d\u0443\u0442\u0430"},"schema":{"@context":"https:\/\/schema.org","@graph":[{"@type":"WebPage","@id":"https:\/\/mirtego.lv\/ru\/product\/russkij-yazyk-a1\/","url":"https:\/\/mirtego.lv\/ru\/product\/russkij-yazyk-a1\/","name":"\u0420\u0423\u0421\u0421\u041a\u0418\u0419 \u042f\u0417\u042b\u041a A1 - mirtego.lv","isPartOf":{"@id":"https:\/\/mirtego.lv\/ru\/#website"},"primaryImageOfPage":{"@id":"https:\/\/mirtego.lv\/ru\/product\/russkij-yazyk-a1\/#primaryimage"},"image":{"@id":"https:\/\/mirtego.lv\/ru\/product\/russkij-yazyk-a1\/#primaryimage"},"thumbnailUrl":"https:\/\/mirtego.lv\/wp-content\/uploads\/2021\/07\/krievu_grupa.jpg","datePublished":"2021-07-26T13:29:40+00:00","dateModified":"2024-12-11T13:16:24+00:00","breadcrumb":{"@id":"https:\/\/mirtego.lv\/ru\/product\/russkij-yazyk-a1\/#breadcrumb"},"inLanguage":"ru-RU","potentialAction":[{"@type":"ReadAction","target":["https:\/\/mirtego.lv\/ru\/product\/russkij-yazyk-a1\/"]}]},{"@type":"ImageObject","inLanguage":"ru-RU","@id":"https:\/\/mirtego.lv\/ru\/product\/russkij-yazyk-a1\/#primaryimage","url":"https:\/\/mirtego.lv\/wp-content\/uploads\/2021\/07\/krievu_grupa.jpg","contentUrl":"https:\/\/mirtego.lv\/wp-content\/uploads\/2021\/07\/krievu_grupa.jpg","width":960,"height":984},{"@type":"BreadcrumbList","@id":"https:\/\/mirtego.lv\/ru\/product\/russkij-yazyk-a1\/#breadcrumb","itemListElement":[{"@type":"ListItem","position":1,"name":"Home","item":"https:\/\/mirtego.lv\/ru\/"},{"@type":"ListItem","position":2,"name":"Shop","item":"https:\/\/mirtego.lv\/shop\/"},{"@type":"ListItem","position":3,"name":"\u0420\u0423\u0421\u0421\u041a\u0418\u0419 \u042f\u0417\u042b\u041a A1"}]},{"@type":"WebSite","@id":"https:\/\/mirtego.lv\/ru\/#website","url":"https:\/\/mirtego.lv\/ru\/","name":"mirtego.lv","description":"M\u0113s esam ONLINE valodu skola","publisher":{"@id":"https:\/\/mirtego.lv\/ru\/#organization"},"potentialAction":[{"@type":"SearchAction","target":{"@type":"EntryPoint","urlTemplate":"https:\/\/mirtego.lv\/ru\/?s={search_term_string}"},"query-input":{"@type":"PropertyValueSpecification","valueRequired":true,"valueName":"search_term_string"}}],"inLanguage":"ru-RU"},{"@type":"Organization","@id":"https:\/\/mirtego.lv\/ru\/#organization","name":"SIA MIRTEGO","url":"https:\/\/mirtego.lv\/ru\/","logo":{"@type":"ImageObject","inLanguage":"ru-RU","@id":"https:\/\/mirtego.lv\/ru\/#\/schema\/logo\/image\/","url":"https:\/\/mirtego.lv\/wp-content\/uploads\/2020\/07\/MIRTEGO_logo400.png","contentUrl":"https:\/\/mirtego.lv\/wp-content\/uploads\/2020\/07\/MIRTEGO_logo400.png","width":400,"height":150,"caption":"SIA MIRTEGO"},"image":{"@id":"https:\/\/mirtego.lv\/ru\/#\/schema\/logo\/image\/"}}]}},"_links":{"self":[{"href":"https:\/\/mirtego.lv\/ru\/wp-json\/wp\/v2\/product\/5701","targetHints":{"allow":["GET"]}}],"collection":[{"href":"https:\/\/mirtego.lv\/ru\/wp-json\/wp\/v2\/product"}],"about":[{"href":"https:\/\/mirtego.lv\/ru\/wp-json\/wp\/v2\/types\/product"}],"wp:featuredmedia":[{"embeddable":true,"href":"https:\/\/mirtego.lv\/ru\/wp-json\/wp\/v2\/media\/5586"}],"wp:attachment":[{"href":"https:\/\/mirtego.lv\/ru\/wp-json\/wp\/v2\/media?parent=5701"}],"wp:term":[{"taxonomy":"product_brand","embeddable":true,"href":"https:\/\/mirtego.lv\/ru\/wp-json\/wp\/v2\/product_brand?post=5701"},{"taxonomy":"product_cat","embeddable":true,"href":"https:\/\/mirtego.lv\/ru\/wp-json\/wp\/v2\/product_cat?post=5701"},{"taxonomy":"product_tag","embeddable":true,"href":"https:\/\/mirtego.lv\/ru\/wp-json\/wp\/v2\/product_tag?post=5701"}],"curies":[{"name":"wp","href":"https:\/\/api.w.org\/{rel}","templated":true}]}}